{"id":2150,"date":"2020-11-20T08:36:50","date_gmt":"2020-11-20T08:36:50","guid":{"rendered":"https:\/\/www.sphericlaser.com\/?page_id=2150"},"modified":"2020-11-20T09:09:04","modified_gmt":"2020-11-20T09:09:04","slug":"politique-de-confidentialite","status":"publish","type":"page","link":"https:\/\/www.sphericlaser.com\/fr\/politique-de-confidentialite\/","title":{"rendered":"POLITIQUE DE CONFIDENTIALIT\u00c9"},"content":{"rendered":"\t\t<div data-elementor-type=\"wp-page\" data-elementor-id=\"2150\" class=\"elementor elementor-2150 elementor-2149\">\n\t\t\t\t\t\t\t\t\t<section class=\"elementor-section elementor-top-section elementor-element elementor-element-5511196 elementor-section-stretched elementor-section-boxed elementor-section-height-default elementor-section-height-default parallax_section_no qode_elementor_container_no\" data-id=\"5511196\" data-element_type=\"section\" data-settings=\"{&quot;background_background&quot;:&quot;video&quot;,&quot;background_video_link&quot;:&quot;https:\\\/\\\/www.sphericlaser.com\\\/wp-content\\\/uploads\\\/2020\\\/09\\\/Network-12716.mp4&quot;,&quot;background_play_on_mobile&quot;:&quot;yes&quot;,&quot;stretch_section&quot;:&quot;section-stretched&quot;}\">\n\t\t\t\t\t\t\t\t<div class=\"elementor-background-video-container\">\n\t\t\t\t\t\t\t\t\t\t\t\t\t<video class=\"elementor-background-video-hosted elementor-html5-video\" autoplay muted playsinline loop><\/video>\n\t\t\t\t\t\t\t\t\t\t\t<\/div>\n\t\t\t\t\t\t\t\t<div class=\"elementor-container elementor-column-gap-default\">\n\t\t\t\t\t<div class=\"elementor-column elementor-col-100 elementor-top-column elementor-element elementor-element-6997b40\" data-id=\"6997b40\" data-element_type=\"column\">\n\t\t\t<div class=\"elementor-widget-wrap elementor-element-populated\">\n\t\t\t\t\t\t\t\t<div class=\"elementor-element elementor-element-8947cf1 elementor-widget elementor-widget-text-editor\" data-id=\"8947cf1\" data-element_type=\"widget\" data-widget_type=\"text-editor.default\">\n\t\t\t\t<div class=\"elementor-widget-container\">\n\t\t\t\t\t\t\t<h1><span style=\"color: #ffffff; font-weight: 500; font-size: 46px;\">Politique de confidentialit\u00e9\u00a0<\/span><\/h1>\t\t\t\t\t\t<\/div>\n\t\t\t\t<\/div>\n\t\t\t\t\t<\/div>\n\t\t<\/div>\n\t\t\t\t\t\t\t<\/div>\n\t\t<\/section>\n\t\t\t\t<section class=\"elementor-section elementor-top-section elementor-element elementor-element-55801421 elementor-section-stretched elementor-section-boxed elementor-section-height-default elementor-section-height-default parallax_section_no qode_elementor_container_no\" data-id=\"55801421\" data-element_type=\"section\" data-settings=\"{&quot;stretch_section&quot;:&quot;section-stretched&quot;}\">\n\t\t\t\t\t\t<div class=\"elementor-container elementor-column-gap-default\">\n\t\t\t\t\t<div class=\"elementor-column elementor-col-100 elementor-top-column elementor-element elementor-element-3ddd0845\" data-id=\"3ddd0845\" data-element_type=\"column\" data-settings=\"{&quot;background_background&quot;:&quot;classic&quot;,&quot;animation&quot;:&quot;none&quot;}\">\n\t\t\t<div class=\"elementor-widget-wrap elementor-element-populated\">\n\t\t\t\t\t\t\t\t<div class=\"elementor-element elementor-element-41c276ed elementor-invisible elementor-widget elementor-widget-text-editor\" data-id=\"41c276ed\" data-element_type=\"widget\" data-settings=\"{&quot;_animation&quot;:&quot;fadeInRight&quot;}\" data-widget_type=\"text-editor.default\">\n\t\t\t\t<div class=\"elementor-widget-container\">\n\t\t\t\t\t\t\t<p style=\"text-align: left;\">Au travers de ce site Web, des donn\u00e9es personnelles n\u00e9cessaires \u00e0 la gestion et maintenance de certains de nos services, sont collect\u00e9es.<\/p><p style=\"text-align: left;\">\u00a0<\/p><p style=\"text-align: left;\">Nous vous informons que LE PROPIETAIRE DU SITE (Responsable du traitement) respecte la loi organique 3\/2018, du 5 d\u00e9cembre, sur la protection des donn\u00e9es personnelles (d\u00e9sormais, LOPD), le r\u00e8glement UE 2016\/679, sur la protection des Donn\u00e9es (d\u00e9sormais, RGDP), et d\u2019autres r\u00e8glementations en vigueur et applicables \u00e0 tout moment, garantissant une utilisation et un traitement corrects des donn\u00e9es personnelles de l\u2019utilisateur.<\/p><p style=\"text-align: left;\">\u00a0<\/p><p style=\"text-align: left;\">Conform\u00e9ment \u00e0 l\u2019article 13 du RGPD et \u00e0 l\u2019article 11 LOPD, cette Politique de Confidentialit\u00e9 s\u2019applique au traitement des donn\u00e9es personnelles que FIVALUE, SL effectue en tant que Responsable du traitement par rapport aux donn\u00e9es que les utilisateurs et\/ou clients (personnes physiques) fournissent \u00e0 la suite de la demande d\u2019informations et\/ou de sous-traitance des services et\/ou produits qu\u2019ils fournissent et commercialisent via leur site Web, ou collect\u00e9s dans l\u2019une quelconque des sections du site Web.<\/p><p style=\"text-align: left;\">\u00a0<\/p><p style=\"text-align: left;\">\u00a0<\/p><p style=\"text-align: left;\"><strong>IDENTIT\u00c9 DU RESPONSABLE DU TRAITEMENT DE VOS DONN\u00c9ES PERSONNELLES.<\/strong><\/p><p style=\"text-align: left;\">\u00a0<\/p><p style=\"text-align: left;\"><strong>Responsable du traitement:<\/strong> FIVALUE, SL<\/p><p style=\"text-align: left;\"><strong>Adresse:<\/strong> AV. CASTELLAR, 26 &#8211; 08211 CASTELLAR DEL VALLES (BARCELONA)<\/p><p style=\"text-align: left;\"><strong>CIF:<\/strong> B67014050<\/p><p style=\"text-align: left;\"><strong>Email:<\/strong> INFO@SPHERICLASER.COM<\/p><p style=\"text-align: left;\">\u00a0<\/p><p style=\"text-align: left;\">\u00a0<\/p><p style=\"text-align: left;\"><strong>OBJECTIFS DU TRAITEMENT DE VOS DONN\u00c9ES PERSONELLES<\/strong><\/p><p style=\"text-align: left;\">\u00a0<\/p><p style=\"text-align: left;\">Vos donn\u00e9es personnelles seront utilis\u00e9es \u00e0 des fins g\u00e9n\u00e9riques de la gestion et du contr\u00f4le de la relation commerciale \u00e9tablie et en particulier pour:<\/p><p style=\"text-align: left;\">\u00a0<\/p><ul style=\"text-align: left;\"><li>G\u00e9rer l\u2019acc\u00e8s complet et l\u2019utilisation correcte des service et\/ou produits par les utilisateurs.<\/li><li>Pour communiquer avec les utilisateurs en r\u00e9ponse aux soucis, demandes, commentaires et questions qu\u2019ils posent via les services et\/ou produits, ainsi que les formulaires de contact sur notre site web (courriels \u00e9lectroniques et\/ou appels t\u00e9l\u00e9phoniques inclus).<\/li><li>Pour fournir, actualiser, maintenir et prot\u00e9ger les services et\/ou produits et activit\u00e9s.<\/li><li>Pour offrir des nouveaux services et\/ou produits, des offres sp\u00e9ciales ou des actualisations.<\/li><li>Dans le cas, g\u00e9rer les processus de s\u00e9lection du personnel dans des processus s\u00e9lectifs de travailleurs et\/ou de collaborateurs.<\/li><li>Communications : nous pouvons vous envoyer des courriers \u00e9lectroniques, des messages et d\u2019autres types de communication concernant les services et\/ou produits, les questions techniques et leurs modifications. Ces communications sont consid\u00e9r\u00e9es comme une partie des services et\/ou produits et vous ne pouvez pas renoncer \u00e0 elles.<\/li><li>Dans le cas, communications commerciales (Marketing) : nous pouvons utiliser vos donn\u00e9es pour vous contacter, soit par moyen \u00e9lectronique comme non \u00e9lectronique, pour mener des enqu\u00eates, obtenir votre opinion sur le Service fourni et ponctuellement pour vous notifier des changements, des d\u00e9veloppements importants des services et\/ou produits, offres et\/ou promotions de nos services et\/ou produits ou de tierces entreprises li\u00e9es \u00e0 nous. Ces offres commerciales seront en tout cas express\u00e9ment et s\u00e9par\u00e9ment autoris\u00e9es par l\u2019utilisateur qui, \u00e0 tout moment, pourra r\u00e9voquer son consentement \u00e0 recevoir ces notifications \u00e0 l\u2019aide du m\u00e9canisme mis en place \u00e0 cet effet ou bien \u00e0 partir des pr\u00e9f\u00e9rences du compte client.<\/li><\/ul><p style=\"text-align: left;\">\u00a0<\/p><p style=\"text-align: left;\">Nous ne traiterons pas vos donn\u00e9es personnelles \u00e0 d\u2019autres fins que ceux d\u00e9crits ant\u00e9rieurement sauf s\u2019il est impos\u00e9 par la loi ou en cas d\u2019obligation judiciaire.<\/p><p style=\"text-align: left;\">\u00a0<\/p><p style=\"text-align: left;\">\u00a0<\/p><p style=\"text-align: left;\"><strong>D\u00c9LAI LIMITE DE CONSERVATION<\/strong><\/p><p style=\"text-align: left;\">\u00a0<\/p><p style=\"text-align: left;\">Les donn\u00e9es personnelles fournies seront conserv\u00e9es et trait\u00e9es cependant la relation de prestation des services et\/ou des produits sera maintenue, sans pr\u00e9judice de la possibilit\u00e9 d\u2019exercer vos droits de protection des donn\u00e9es (acc\u00e8s, rectification, suppression, opposition, limitation, portabilit\u00e9 et pas faire l\u2019objet de d\u00e9cisions individuelles automatis\u00e9es).<\/p><p style=\"text-align: left;\">\u00a0<\/p><p style=\"text-align: left;\">Les donn\u00e9es personnelles des personnes int\u00e9ress\u00e9es \u00e0 recevoir des informations sur les services et\/ou produits seront conserv\u00e9es ind\u00e9finiment dans le syst\u00e8me tant que l\u2019int\u00e9ress\u00e9 ne demandera pas leur suppression.<\/p><p style=\"text-align: left;\">\u00a0<\/p><p style=\"text-align: left;\">\u00a0<\/p><p style=\"text-align: left;\"><strong>L\u00c9GITIMATION DU TRAITEMENT<\/strong><\/p><p style=\"text-align: left;\">\u00a0<\/p><p style=\"text-align: left;\">FIVALUE, SL traite vos donn\u00e9es personnelles conform\u00e9ment aux deux bases juridiques suivantes : <strong>Consentement de l\u2019int\u00e9ress\u00e9<\/strong> (1) et <strong>Int\u00e9r\u00eat l\u00e9gitime<\/strong> (2).<\/p><p style=\"text-align: left;\">\u00a0<\/p><p style=\"text-align: left;\"><strong>1. Le consentement de l\u2019int\u00e9ress\u00e9<\/strong> fourni aux fins ant\u00e9rieurement d\u00e9crites qui sera demand\u00e9 :<\/p><p style=\"text-align: left;\">\u00a0<\/p><ul style=\"text-align: left;\"><li>Avant de proc\u00e9der au traitement de vos donn\u00e9es.<\/li><li>En cours d\u2019enregistrement en tant que client ou\u2026<\/li><li>\u2026 Au moment de l\u2019envoi des communications de FIVALUE, SL.<\/li><\/ul><p style=\"text-align: left;\">\u00a0<\/p><p style=\"text-align: left;\">Les demandes d\u2019information que vous nous envoyiez ont besoin des donn\u00e9es n\u00e9cessaires fournies volontairement de la part de l\u2019int\u00e9ress\u00e9, pour lui offrir des services et\/ou produits. N\u00e9anmoins, l\u2019int\u00e9ress\u00e9 peut librement refuser de nous fournir de telles donn\u00e9es ou ult\u00e9rieurement, r\u00e9voquer le consentement pr\u00e9alablement accord\u00e9 pour le traitement de ses donn\u00e9es bien que ce refus nous emp\u00eache de r\u00e9pondre \u00e0 sa demande.<\/p><p style=\"text-align: left;\">\u00a0<\/p><p style=\"text-align: left;\"><strong>2. L\u2019int\u00e9r\u00eat l\u00e9gitime<\/strong> de FIVALUE, SL \u00e0 maintenir et fid\u00e9liser ses clientes et\/ou utilisateurs et mieux r\u00e9pondre \u00e0 leurs attentes ou int\u00e9r\u00eats pr\u00e9c\u00e9demment exprim\u00e9s. Ex. : am\u00e9liorer les produits, g\u00e9rer les demandes, requ\u00eates ou r\u00e9clamations, proposer des produits similaires \u00e0 ceux contract\u00e9s, informer sur les promotions, etc. Sans pr\u00e9judice d\u2019accomplissement de la part de FIVALUE, SL du reste d\u2019obligations li\u00e9es \u00e0 l\u2019envoi de communications commerciales par voie \u00e9lectronique.<\/p><p style=\"text-align: left;\">\u00a0<\/p><p style=\"text-align: left;\">FIVALUE, SL comprend qu\u2019en nous fournissant ces donn\u00e9es, l\u2019int\u00e9ress\u00e9 garantit et prend responsabilit\u00e9 de la v\u00e9racit\u00e9, de l\u2019actualit\u00e9 et de la pr\u00e9cision de celles-ci et qu\u2019il accepte et consent express\u00e9ment \u00e0 leur traitement aux fins ant\u00e9rieurement d\u00e9crites.<\/p><p style=\"text-align: left;\">\u00a0<\/p><p style=\"text-align: left;\">\u00a0<\/p><p style=\"text-align: left;\"><strong>B\u00c9N\u00c9FICIAIRES DE CESSIONS OU DE TRANSFERTS.<\/strong><\/p><p style=\"text-align: left;\">\u00a0<\/p><p style=\"text-align: left;\">En r\u00e8gle g\u00e9n\u00e9rale, FIVALUE, SL ne transf\u00e9rera pas vos donn\u00e9es personnelles \u00e0 des tiers sauf que nous en \u00e9tions l\u00e9galement oblig\u00e9s ou qu\u2019il soit autoris\u00e9 pour vous lors de l\u2019utilisation de nos services et\/ou produits.<\/p><p style=\"text-align: left;\">\u00a0<\/p><p style=\"text-align: left;\"><strong>DROITS DES PERSONNES INTERESS\u00c9ES<\/strong><\/p><p style=\"text-align: left;\">\u00a0<\/p><p style=\"text-align: left;\">Le r\u00e8glement sur la protection de donn\u00e9es vous permet d\u2019exercer vos droits d\u2019acc\u00e8s, de rectification, d\u2019opposition, de suppression (\u00ab droit \u00e0 l\u2019oubli \u00bb), de limitation du traitement, de portabilit\u00e9 et de ne pas faire l\u2019objet de d\u00e9cisions individualis\u00e9es :<\/p><p style=\"text-align: left;\">\u00a0<\/p><ul style=\"text-align: left;\"><li>Droit d\u2019acc\u00e8s : qui permet \u00e0 l\u2019int\u00e9ress\u00e9 de conna\u00eetre et d\u2019obtenir des informations sur ses donn\u00e9es personnelles, soumis au traitement.<\/li><li>Droit de rectification : qui permet de corriger des erreurs, de modifier les donn\u00e9es inexactes ou incompl\u00e8tes et de garantir l\u2019exactitude de vos donn\u00e9es personnelles.<\/li><li>Droit de suppression : qui permet de demander la suppression de vos donn\u00e9es personnelles lorsqu\u2019elles ne sont pas n\u00e9cessaires \u00e0 l\u2019ex\u00e9cution ou \u00e0 la fourniture du service.<\/li><li>Droit d\u2019opposition : qui permet \u00e0 l\u2019int\u00e9ress\u00e9 de ne pas proc\u00e9der au traitement de ses donn\u00e9es personnelles ou \u00e0 sa cessation, sauf pour des motifs l\u00e9gitimes ou pour l\u2019exercice ou la d\u00e9fense d\u2019\u00e9ventuelles r\u00e9clamations, auquel cas nous les garderons bloqu\u00e9es pendant le d\u00e9lai correspondent.<\/li><li>Droit \u00e0 l\u2019opposition \u00e0 l\u2019envoi de publicit\u00e9 : : Les int\u00e9ress\u00e9s peuvent s\u2019opposer \u00e0 l\u2019envoi de communications commerciales. Dans ce cas, ils peuvent \u00e0 tout moment r\u00e9voquer son consentement \u00e0 recevoir ces notifications.<\/li><li>Limitation du traitement : Dans certaines circonstances, les int\u00e9ress\u00e9s peuvent demander la limitation du traitement de leurs donn\u00e9es, auquel cas ils seront conserv\u00e9s que pour l\u2019exercice ou la d\u00e9fense de r\u00e9clamations.<\/li><li>Portabilit\u00e9 des donn\u00e9es : les parties int\u00e9ress\u00e9es peuvent demander \u00e0 recevoir les donn\u00e9es qui les concernent et qui nous ont \u00e9t\u00e9 facilit\u00e9es ou que (toujours qu\u2019il soit possible techniquement) nous les transmettons \u00e0 un autre responsable de traitement de son choix, dans un format structur\u00e9 d\u2019usage courant et lecture m\u00e9canique.<\/li><li>Droit de ne pas \u00eatre soumis \u00e0 des d\u00e9cisions individuelles automatis\u00e9es (l\u2019\u00e9laboration de profils inclus) Les personnes int\u00e9ress\u00e9es ont le droit de ne pas \u00eatre soumises \u00e0 une d\u00e9cision bas\u00e9e sur un traitement automatis\u00e9 qui produit des effets ou affecte de mani\u00e8re significative.<\/li><li>Possibilit\u00e9 de retirer le consentement : l\u2019int\u00e9ress\u00e9 a le droit de retirer \u00e0 tout moment le consentement fourni, sans que cela affecte \u00e0 la lic\u00e9it\u00e9 du traitement bas\u00e9 sur le consentement donn\u00e9 dans le moment de nous fournir ses donn\u00e9es.<\/li><\/ul><p style=\"text-align: left;\">\u00a0<\/p><p style=\"text-align: left;\">Si vous souhaitez exercer quelque des droits expos\u00e9s, nous vous prions de nous contacter au travers des donn\u00e9es de contact qui apparaissent dans \u201cIdentification du Responsable du traitement de donn\u00e9es personnelles\u201d, o\u00f9 les suivantes informations soient incluses : Nom et pr\u00e9nom, num\u00e9ro de la carte d\u2019identit\u00e9, adresse postale et courrier \u00e9lectronique de contact, en indiquant le type de droit et en pr\u00e9cisant les conditions de celui-ci.<\/p><p style=\"text-align: left;\">\u00a0<\/p><p style=\"text-align: left;\">Possibilit\u00e9 de r\u00e9clamation aupr\u00e8s de l\u2019Autorit\u00e9 de Contr\u00f4le : FIVALUE, SL vous informe \u00e9galement du droit qui vous assiste de d\u00e9poser une r\u00e9clamation aupr\u00e8s de l\u2019Agence Espagnole de Protection de Donn\u00e9es (www.agpd.es) si vous consid\u00e9rez que le traitement n\u2019est pas conforme \u00e0 la r\u00e9glementation valide.<\/p><p style=\"text-align: left;\">\u00a0<\/p><p style=\"text-align: left;\">\u00a0<\/p><p style=\"text-align: left;\"><strong>INFORMATION COMPLEMENTAIRE<\/strong><\/p><p style=\"text-align: left;\">\u00a0<\/p><p style=\"text-align: left;\"><strong>Conservation de certaines donn\u00e9s<\/strong><\/p><p style=\"text-align: left;\">FIVALUE, SL informe que, conform\u00e9ment aux dispositions de la Loi 25\/2007, du 18 octobre, sur la conservation de donn\u00e9es relatives aux communications \u00e9lectroniques et aux r\u00e9seaux publiques de communications, elle doit proc\u00e9der \u00e0 retenir et conserver certaines donn\u00e9es du trafic g\u00e9n\u00e9r\u00e9es pendant le d\u00e9veloppement des communications afin de les transf\u00e9rer aux autorit\u00e9s l\u00e9gitimes, lorsque les circonstances juridiques qui y sont pr\u00e9vues concordent.<\/p><p style=\"text-align: left;\">\u00a0<\/p><p style=\"text-align: left;\"><strong>Donn\u00e9es enregistr\u00e9es<\/strong><\/p><p style=\"text-align: left;\">Nos serveurs collectent automatiquement des informations lorsque l\u2019usager utilise les services des sites Web. Ces donn\u00e9es d\u2019enregistrement peuvent inclure l\u2019adresse IP, l\u2019identification du dispositif \u00e0 partir duquel les produits sont accessibles, le syst\u00e8me op\u00e9ratif, la configuration du dispositif.<\/p><p style=\"text-align: left;\">\u00a0<\/p><p style=\"text-align: left;\"><strong>Mesures de s\u00e9curit\u00e9 <\/strong><\/p><p style=\"text-align: left;\">En plus, on vous informe que LE TITULAIRE DU SITE WEB (Responsable du traitement) a mis en place les mesures de s\u00e9curit\u00e9 techniques et organisationnelles n\u00e9cessaires pour garantir la s\u00e9curit\u00e9 de vos donn\u00e9es personnelles et emp\u00eacher<\/p><p style=\"text-align: left;\">leur alt\u00e9ration, perte et traitement et\/ou acc\u00e8s non autoris\u00e9, compte tenu de l\u2019\u00e9tat de la technologie, de la nature des donn\u00e9es enregistr\u00e9es et des risques auxquels elles sont expos\u00e9es soit qu\u2019elles proviennent de l\u2019action humaine ou de l\u2019environnement physique ou naturel. De m\u00eame, des mesures suppl\u00e9mentaires ont \u00e9t\u00e9 mises en place afin de renforcer la confidentialit\u00e9 et l\u2019int\u00e9grit\u00e9 des informations dans votre organisation. Assurant en permanence la supervision, contr\u00f4le et l\u2019\u00e9valuation des processus pour garantir le respect de confidentialit\u00e9 des donn\u00e9es.<\/p>\t\t\t\t\t\t<\/div>\n\t\t\t\t<\/div>\n\t\t\t\t\t<\/div>\n\t\t<\/div>\n\t\t\t\t\t\t\t<\/div>\n\t\t<\/section>\n\t\t\t\t\t\t\t<\/div>\n\t\t","protected":false},"excerpt":{"rendered":"<p>Politique de confidentialit\u00e9\u00a0 Au travers de ce site Web, des donn\u00e9es personnelles n\u00e9cessaires \u00e0 la gestion et maintenance de certains de nos services, sont collect\u00e9es. \u00a0 Nous vous informons que LE PROPIETAIRE DU SITE (Responsable du traitement) respecte la loi organique 3\/2018, du 5 d\u00e9cembre,&#8230;<\/p>\n","protected":false},"author":3,"featured_media":0,"parent":0,"menu_order":0,"comment_status":"closed","ping_status":"closed","template":"","meta":{"footnotes":""},"class_list":["post-2150","page","type-page","status-publish","hentry"],"yoast_head":"<!-- This site is optimized with the Yoast SEO plugin v25.6 - https:\/\/yoast.com\/wordpress\/plugins\/seo\/ -->\n<title>Vous avez un projet ? Contactez-nous! | Spheric L\u00e1ser<\/title>\n<meta name=\"description\" content=\"Chez Spheric Laser, nous mettons les meilleurs sp\u00e9cialistes \u00e0 votre disposition pour vous donner les meilleurs conseils pour votre projet. Contactez-nous maintenant!\" \/>\n<meta name=\"robots\" content=\"index, follow, max-snippet:-1, max-image-preview:large, max-video-preview:-1\" \/>\n<link rel=\"canonical\" href=\"https:\/\/www.sphericlaser.com\/fr\/politique-de-confidentialite\/\" \/>\n<meta property=\"og:locale\" content=\"fr_FR\" \/>\n<meta property=\"og:type\" content=\"article\" \/>\n<meta property=\"og:title\" content=\"Vous avez un projet ? Contactez-nous! | Spheric L\u00e1ser\" \/>\n<meta property=\"og:description\" content=\"Chez Spheric Laser, nous mettons les meilleurs sp\u00e9cialistes \u00e0 votre disposition pour vous donner les meilleurs conseils pour votre projet. Contactez-nous maintenant!\" \/>\n<meta property=\"og:url\" content=\"https:\/\/www.sphericlaser.com\/fr\/politique-de-confidentialite\/\" \/>\n<meta property=\"og:site_name\" content=\"Sphericlaser\" \/>\n<meta property=\"article:modified_time\" content=\"2020-11-20T09:09:04+00:00\" \/>\n<meta name=\"twitter:card\" content=\"summary_large_image\" \/>\n<meta name=\"twitter:label1\" content=\"Dur\u00e9e de lecture estim\u00e9e\" \/>\n\t<meta name=\"twitter:data1\" content=\"9 minutes\" \/>\n<script type=\"application\/ld+json\" class=\"yoast-schema-graph\">{\"@context\":\"https:\/\/schema.org\",\"@graph\":[{\"@type\":\"WebPage\",\"@id\":\"https:\/\/www.sphericlaser.com\/fr\/politique-de-confidentialite\/\",\"url\":\"https:\/\/www.sphericlaser.com\/fr\/politique-de-confidentialite\/\",\"name\":\"Vous avez un projet ? Contactez-nous! | Spheric L\u00e1ser\",\"isPartOf\":{\"@id\":\"https:\/\/www.sphericlaser.com\/#website\"},\"datePublished\":\"2020-11-20T08:36:50+00:00\",\"dateModified\":\"2020-11-20T09:09:04+00:00\",\"description\":\"Chez Spheric Laser, nous mettons les meilleurs sp\u00e9cialistes \u00e0 votre disposition pour vous donner les meilleurs conseils pour votre projet. Contactez-nous maintenant!\",\"breadcrumb\":{\"@id\":\"https:\/\/www.sphericlaser.com\/fr\/politique-de-confidentialite\/#breadcrumb\"},\"inLanguage\":\"fr-FR\",\"potentialAction\":[{\"@type\":\"ReadAction\",\"target\":[\"https:\/\/www.sphericlaser.com\/fr\/politique-de-confidentialite\/\"]}]},{\"@type\":\"BreadcrumbList\",\"@id\":\"https:\/\/www.sphericlaser.com\/fr\/politique-de-confidentialite\/#breadcrumb\",\"itemListElement\":[{\"@type\":\"ListItem\",\"position\":1,\"name\":\"Portada\",\"item\":\"https:\/\/www.sphericlaser.com\/fr\/\"},{\"@type\":\"ListItem\",\"position\":2,\"name\":\"POLITIQUE DE CONFIDENTIALIT\u00c9\"}]},{\"@type\":\"WebSite\",\"@id\":\"https:\/\/www.sphericlaser.com\/#website\",\"url\":\"https:\/\/www.sphericlaser.com\/\",\"name\":\"Sphericlaser\",\"description\":\"Sphericlaser\",\"potentialAction\":[{\"@type\":\"SearchAction\",\"target\":{\"@type\":\"EntryPoint\",\"urlTemplate\":\"https:\/\/www.sphericlaser.com\/?s={search_term_string}\"},\"query-input\":{\"@type\":\"PropertyValueSpecification\",\"valueRequired\":true,\"valueName\":\"search_term_string\"}}],\"inLanguage\":\"fr-FR\"}]}<\/script>\n<!-- \/ Yoast SEO plugin. -->","yoast_head_json":{"title":"Vous avez un projet ? Contactez-nous! | Spheric L\u00e1ser","description":"Chez Spheric Laser, nous mettons les meilleurs sp\u00e9cialistes \u00e0 votre disposition pour vous donner les meilleurs conseils pour votre projet. Contactez-nous maintenant!","robots":{"index":"index","follow":"follow","max-snippet":"max-snippet:-1","max-image-preview":"max-image-preview:large","max-video-preview":"max-video-preview:-1"},"canonical":"https:\/\/www.sphericlaser.com\/fr\/politique-de-confidentialite\/","og_locale":"fr_FR","og_type":"article","og_title":"Vous avez un projet ? Contactez-nous! | Spheric L\u00e1ser","og_description":"Chez Spheric Laser, nous mettons les meilleurs sp\u00e9cialistes \u00e0 votre disposition pour vous donner les meilleurs conseils pour votre projet. Contactez-nous maintenant!","og_url":"https:\/\/www.sphericlaser.com\/fr\/politique-de-confidentialite\/","og_site_name":"Sphericlaser","article_modified_time":"2020-11-20T09:09:04+00:00","twitter_card":"summary_large_image","twitter_misc":{"Dur\u00e9e de lecture estim\u00e9e":"9 minutes"},"schema":{"@context":"https:\/\/schema.org","@graph":[{"@type":"WebPage","@id":"https:\/\/www.sphericlaser.com\/fr\/politique-de-confidentialite\/","url":"https:\/\/www.sphericlaser.com\/fr\/politique-de-confidentialite\/","name":"Vous avez un projet ? Contactez-nous! | Spheric L\u00e1ser","isPartOf":{"@id":"https:\/\/www.sphericlaser.com\/#website"},"datePublished":"2020-11-20T08:36:50+00:00","dateModified":"2020-11-20T09:09:04+00:00","description":"Chez Spheric Laser, nous mettons les meilleurs sp\u00e9cialistes \u00e0 votre disposition pour vous donner les meilleurs conseils pour votre projet. Contactez-nous maintenant!","breadcrumb":{"@id":"https:\/\/www.sphericlaser.com\/fr\/politique-de-confidentialite\/#breadcrumb"},"inLanguage":"fr-FR","potentialAction":[{"@type":"ReadAction","target":["https:\/\/www.sphericlaser.com\/fr\/politique-de-confidentialite\/"]}]},{"@type":"BreadcrumbList","@id":"https:\/\/www.sphericlaser.com\/fr\/politique-de-confidentialite\/#breadcrumb","itemListElement":[{"@type":"ListItem","position":1,"name":"Portada","item":"https:\/\/www.sphericlaser.com\/fr\/"},{"@type":"ListItem","position":2,"name":"POLITIQUE DE CONFIDENTIALIT\u00c9"}]},{"@type":"WebSite","@id":"https:\/\/www.sphericlaser.com\/#website","url":"https:\/\/www.sphericlaser.com\/","name":"Sphericlaser","description":"Sphericlaser","potentialAction":[{"@type":"SearchAction","target":{"@type":"EntryPoint","urlTemplate":"https:\/\/www.sphericlaser.com\/?s={search_term_string}"},"query-input":{"@type":"PropertyValueSpecification","valueRequired":true,"valueName":"search_term_string"}}],"inLanguage":"fr-FR"}]}},"_links":{"self":[{"href":"https:\/\/www.sphericlaser.com\/fr\/wp-json\/wp\/v2\/pages\/2150","targetHints":{"allow":["GET"]}}],"collection":[{"href":"https:\/\/www.sphericlaser.com\/fr\/wp-json\/wp\/v2\/pages"}],"about":[{"href":"https:\/\/www.sphericlaser.com\/fr\/wp-json\/wp\/v2\/types\/page"}],"author":[{"embeddable":true,"href":"https:\/\/www.sphericlaser.com\/fr\/wp-json\/wp\/v2\/users\/3"}],"replies":[{"embeddable":true,"href":"https:\/\/www.sphericlaser.com\/fr\/wp-json\/wp\/v2\/comments?post=2150"}],"version-history":[{"count":4,"href":"https:\/\/www.sphericlaser.com\/fr\/wp-json\/wp\/v2\/pages\/2150\/revisions"}],"predecessor-version":[{"id":2175,"href":"https:\/\/www.sphericlaser.com\/fr\/wp-json\/wp\/v2\/pages\/2150\/revisions\/2175"}],"wp:attachment":[{"href":"https:\/\/www.sphericlaser.com\/fr\/wp-json\/wp\/v2\/media?parent=2150"}],"curies":[{"name":"wp","href":"https:\/\/api.w.org\/{rel}","templated":true}]}}